{"id":12119,"date":"2020-06-25T12:06:30","date_gmt":"2020-06-25T10:06:30","guid":{"rendered":"https:\/\/www.stjohannes.no\/?page_id=12119"},"modified":"2020-06-25T12:06:30","modified_gmt":"2020-06-25T10:06:30","slug":"personvernerklaering","status":"publish","type":"page","link":"https:\/\/www.stjohannes.no\/?page_id=12119","title":{"rendered":"Personvernerkl\u00e6ring"},"content":{"rendered":"<h3>Forklaring av personvernet ditt<\/h3>\n<p>Personvernerkl\u00e6ringer har en tendens til \u00e5 v\u00e6re ganske lange \u2014 og ganske forvirrende. Derfor har vi gjort v\u00e5rt beste for \u00e5 gj\u00f8re Personvernerkl\u00e6ringen kort, klar og lettlest!<\/p>\n<h3>Hva vi gj\u00f8r i St. Johannes menighet<\/h3>\n<p>St. Johannes menighet er en katolsk menighet p\u00e5 Bredtvet i Oslo. P\u00e5 s\u00f8ndager feires det messer p\u00e5 norsk, engelsk, tamilsk, polsk, spansk, og vietnamesisk hver 4. s\u00f8ndag. Menigheten tilbyr polsk katekese for 1.-7. klasse og norsk katekese for 1.-9. klasse. Utenom dette finnes det ogs\u00e5 andre tilbud for barn og unge i menigheten, som for eksempel ST. JO (St. Johannes Ungdomslag) og St. Johannes ministrantlag.<\/p>\n<h3>Hvordan vi samler informasjon<\/h3>\n<p>Vi blir hovedsakelig kjent med barn og familier i menigheten gjennom aktiv deltagelse i menighetens ulike aktivitetstilbud, og gjennom kommunikasjon, men vi l\u00e6rer ogs\u00e5 fra all slags informasjon som du velger \u00e5 gi oss. N\u00e5r du melder ditt barn til katekesen f\u00e5r vi vite barnets navn, barnets bursdag, e-postadressen din, osv.<\/p>\n<h3>Hvordan vi deler informasjon<\/h3>\n<p>Noe av informasjonen, som klasseliste med oversikt over barnas navn er synlig i den enkelte klasse som standard. Bortsett fra dette deler vi ikke opplysninger om deg og ditt barn til andre foreldre, med mindre du aktivt ber om det.<\/p>\n<p>Vi deler ogs\u00e5 foreldres telefonnummer til kateketene i den enkelte klasse, slik at de kan ta kontakt med foreldre dersom det skulle v\u00e6re n\u00f8dvendig.<\/p>\n<p>All sensitiv informasjon om deg og ditt barn, som familiesituasjon og sykdom, er det kun <span style=\"color: #000000;\">katekesekoordinator\/menighetkontoret<\/span>\u00a0og i s\u00e6rskilte tilfeller kateket for ditt barn som f\u00e5r vite om, og det er taushetsbelagt. De som har tilgang til slik info har undertegnet taushetserkl\u00e6ring.<\/p>\n<p>Med unntak fra det som er nevnt ovenfor, vil ikke opplysningene vi ber om i p\u00e5meldingsskjemaet til katekesen bli delt videre.<\/p>\n<h3>Hvordan vi lagrer informasjon<\/h3>\n<p>For \u00e5 registrere barnet ditt i katekesen er vi n\u00f8dt til \u00e5 lagre en viss mengde informasjon. Denne informasjonen trenger vi for \u00e5 bli bedre kjent med deg og barnet ditt, og for \u00e5 kunne ha fortl\u00f8pende kontakt med deg gjennom skole\u00e5ret.<\/p>\n<p>Informasjonen er ogs\u00e5 n\u00f8dvendig for at vi skal kunne registrere barn som ikke er registrert i Den katolske kirkes medlemsregister, og det er derfor viktig at barnets navn staves slik det st\u00e5r i Folkeregisteret. For registrering av alle barn under 15 er det et krav at begge foreldrene samtykker.<\/p>\n<p>Etter hvert som barna blir eldre og skal begynne p\u00e5 konfirmasjonsundervisning er det viktig at mobilnummer registreres. Dette fordi menigheten ikke bare sender p\u00e5minnelse og informasjon om katekesen til foreldre, men ogs\u00e5 SMS-p\u00e5minnelser til barna.<\/p>\n<p>I forbindelse med forberedelser til sakramentene f\u00f8rstekommunion og konfirmasjon er det viktig at menigheten f\u00e5r vite hvor barnet er d\u00f8pt og dato, aller helst gjennom en d\u00e5psattest, da menigheten er pliktet til \u00e5 gi beskjed til d\u00e5psmenigheten etter at sakramentet er gjennomf\u00f8rt.<\/p>\n<p>Noen barn g\u00e5r ikke til katekese i alle \u00e5rene katekesen tilbys, men tar pauser innimellom. St. Johannes menighet tar derfor vare p\u00e5 informasjon s\u00e5 lenge barnet er i katekesealder, dvs. til og med \u00e5ret barnet g\u00e5r i 9. klasse.<\/p>\n<p>Annen informasjon kan bli lagret lenger. Vi lagrer for eksempel din grunnleggende kontaktinformasjon (e-post). Dette for \u00e5 sende deg relevant informasjon i forbindelse med familie-, barne- og ungdomsarbeidet i menigheten.<\/p>\n<h3>Hvordan du kontrollerer informasjonen din<\/h3>\n<p>Vil du oppdatere informasjon, eller kanskje du bare er nysgjerrig p\u00e5 informasjonen vi har om deg og ditt barn? Ta kontakt med menighetskontoret. Dette gjelder ogs\u00e5 ved flytting, avmelding og \u00f8nske om \u00e5 slette informasjon om deg og ditt barn.<\/p>\n<p>E.post adresse: oslo-st.johannes@katolsk.no<\/p>\n<p>Telefonnummer, St. Johannes menighet: 23 68 11 00<\/p>\n","protected":false},"excerpt":{"rendered":"<p>Forklaring av personvernet ditt Personvernerkl\u00e6ringer har en tendens til \u00e5 v\u00e6re ganske lange \u2014 og ganske forvirrende. Derfor har vi gjort v\u00e5rt beste for \u00e5 gj\u00f8re Personvernerkl\u00e6ringen kort, klar og lettlest! Hva vi gj\u00f8r i St. Johannes menighet St. Johannes menighet er en katolsk menighet p\u00e5 Bredtvet i Oslo. P\u00e5 s\u00f8ndager feires det messer p\u00e5 [&hellip;]<\/p>\n","protected":false},"author":6,"featured_media":0,"parent":0,"menu_order":0,"comment_status":"closed","ping_status":"closed","template":"","meta":{"ocean_post_layout":"","ocean_both_sidebars_style":"","ocean_both_sidebars_content_width":0,"ocean_both_sidebars_sidebars_width":0,"ocean_sidebar":"0","ocean_second_sidebar":"0","ocean_disable_margins":"enable","ocean_add_body_class":"","ocean_shortcode_before_top_bar":"","ocean_shortcode_after_top_bar":"","ocean_shortcode_before_header":"","ocean_shortcode_after_header":"","ocean_has_shortcode":"","ocean_shortcode_after_title":"","ocean_shortcode_before_footer_widgets":"","ocean_shortcode_after_footer_widgets":"","ocean_shortcode_before_footer_bottom":"","ocean_shortcode_after_footer_bottom":"","ocean_display_top_bar":"default","ocean_display_header":"default","ocean_header_style":"","ocean_center_header_left_menu":"0","ocean_custom_header_template":"0","ocean_custom_logo":0,"ocean_custom_retina_logo":0,"ocean_custom_logo_max_width":0,"ocean_custom_logo_tablet_max_width":0,"ocean_custom_logo_mobile_max_width":0,"ocean_custom_logo_max_height":0,"ocean_custom_logo_tablet_max_height":0,"ocean_custom_logo_mobile_max_height":0,"ocean_header_custom_menu":"0","ocean_menu_typo_font_family":"0","ocean_menu_typo_font_subset":"","ocean_menu_typo_font_size":0,"ocean_menu_typo_font_size_tablet":0,"ocean_menu_typo_font_size_mobile":0,"ocean_menu_typo_font_size_unit":"px","ocean_menu_typo_font_weight":"","ocean_menu_typo_font_weight_tablet":"","ocean_menu_typo_font_weight_mobile":"","ocean_menu_typo_transform":"","ocean_menu_typo_transform_tablet":"","ocean_menu_typo_transform_mobile":"","ocean_menu_typo_line_height":0,"ocean_menu_typo_line_height_tablet":0,"ocean_menu_typo_line_height_mobile":0,"ocean_menu_typo_line_height_unit":"","ocean_menu_typo_spacing":0,"ocean_menu_typo_spacing_tablet":0,"ocean_menu_typo_spacing_mobile":0,"ocean_menu_typo_spacing_unit":"","ocean_menu_link_color":"","ocean_menu_link_color_hover":"","ocean_menu_link_color_active":"","ocean_menu_link_background":"","ocean_menu_link_hover_background":"","ocean_menu_link_active_background":"","ocean_menu_social_links_bg":"","ocean_menu_social_hover_links_bg":"","ocean_menu_social_links_color":"","ocean_menu_social_hover_links_color":"","ocean_disable_title":"default","ocean_disable_heading":"default","ocean_post_title":"","ocean_post_subheading":"","ocean_post_title_style":"","ocean_post_title_background_color":"","ocean_post_title_background":0,"ocean_post_title_bg_image_position":"","ocean_post_title_bg_image_attachment":"","ocean_post_title_bg_image_repeat":"","ocean_post_title_bg_image_size":"","ocean_post_title_height":0,"ocean_post_title_bg_overlay":0.5,"ocean_post_title_bg_overlay_color":"","ocean_disable_breadcrumbs":"default","ocean_breadcrumbs_color":"","ocean_breadcrumbs_separator_color":"","ocean_breadcrumbs_links_color":"","ocean_breadcrumbs_links_hover_color":"","ocean_display_footer_widgets":"default","ocean_display_footer_bottom":"default","ocean_custom_footer_template":"0","footnotes":""},"class_list":["post-12119","page","type-page","status-publish","hentry","entry"],"_links":{"self":[{"href":"https:\/\/www.stjohannes.no\/index.php?rest_route=\/wp\/v2\/pages\/12119","targetHints":{"allow":["GET"]}}],"collection":[{"href":"https:\/\/www.stjohannes.no\/index.php?rest_route=\/wp\/v2\/pages"}],"about":[{"href":"https:\/\/www.stjohannes.no\/index.php?rest_route=\/wp\/v2\/types\/page"}],"author":[{"embeddable":true,"href":"https:\/\/www.stjohannes.no\/index.php?rest_route=\/wp\/v2\/users\/6"}],"replies":[{"embeddable":true,"href":"https:\/\/www.stjohannes.no\/index.php?rest_route=%2Fwp%2Fv2%2Fcomments&post=12119"}],"version-history":[{"count":1,"href":"https:\/\/www.stjohannes.no\/index.php?rest_route=\/wp\/v2\/pages\/12119\/revisions"}],"predecessor-version":[{"id":12121,"href":"https:\/\/www.stjohannes.no\/index.php?rest_route=\/wp\/v2\/pages\/12119\/revisions\/12121"}],"wp:attachment":[{"href":"https:\/\/www.stjohannes.no\/index.php?rest_route=%2Fwp%2Fv2%2Fmedia&parent=12119"}],"curies":[{"name":"wp","href":"https:\/\/api.w.org\/{rel}","templated":true}]}}